{"id":1517,"date":"2018-01-01T09:24:18","date_gmt":"2018-01-01T09:24:18","guid":{"rendered":"http:\/\/ruizdecoletaje.com\/?page_id=1517"},"modified":"2018-12-30T17:35:04","modified_gmt":"2018-12-30T17:35:04","slug":"empresa","status":"publish","type":"page","link":"https:\/\/ruizdecoletaje.com\/?page_id=1517","title":{"rendered":"Empresa"},"content":{"rendered":"<h1 style=\"text-align: left;\" align=\"center\"><img loading=\"lazy\" class=\"size-medium wp-image-1556 alignleft\" src=\"https:\/\/ruizdecoletaje.com\/wp-content\/uploads\/2018\/01\/WebNave1-300x200.png\" alt=\"\" width=\"300\" height=\"200\" srcset=\"https:\/\/ruizdecoletaje.com\/wp-content\/uploads\/2018\/01\/WebNave1-300x200.png 300w, https:\/\/ruizdecoletaje.com\/wp-content\/uploads\/2018\/01\/WebNave1-768x511.png 768w, https:\/\/ruizdecoletaje.com\/wp-content\/uploads\/2018\/01\/WebNave1-585x389.png 585w, https:\/\/ruizdecoletaje.com\/wp-content\/uploads\/2018\/01\/WebNave1-263x175.png 263w, https:\/\/ruizdecoletaje.com\/wp-content\/uploads\/2018\/01\/WebNave1.png 912w\" sizes=\"(max-width: 300px) 100vw, 300px\" \/>Fundada en 1965\u00a0.<\/h1>\n<p style=\"text-align: left;\" align=\"center\">Ruiz Decoletaje<strong>\u00a0<\/strong><strong>ha estado dedicada desde sus comienzos al mecanizado de piezas de acero, lat\u00f3n y aluminio en tornos autom\u00e1ticos.<\/strong><\/p>\n<p>&nbsp;<\/p>\n<p>&nbsp;<\/p>\n<p><img loading=\"lazy\" class=\"size-medium wp-image-1557 alignright\" src=\"https:\/\/ruizdecoletaje.com\/wp-content\/uploads\/2018\/01\/WebNave2-300x225.png\" alt=\"\" width=\"300\" height=\"225\" srcset=\"https:\/\/ruizdecoletaje.com\/wp-content\/uploads\/2018\/01\/WebNave2-300x225.png 300w, https:\/\/ruizdecoletaje.com\/wp-content\/uploads\/2018\/01\/WebNave2-585x439.png 585w, https:\/\/ruizdecoletaje.com\/wp-content\/uploads\/2018\/01\/WebNave2.png 640w\" sizes=\"(max-width: 300px) 100vw, 300px\" \/><\/p>\n<p>Con el paso de los a\u00f1os se ha incrementado el capital de la empresa, albergando en m\u00e1s de 2000 m2 una amplia variedad de maquinaria. Se ha obtenido un mayor potencial de producci\u00f3n, ofreciendo a nuestros clientes un mayor servicio. Esta evoluci\u00f3n nos ha capacitado para el desarrollo de producciones muy variadas, tanto en nivel de dificultad como en naturaleza conceptual.<\/p>\n<p>&nbsp;<\/p>\n<p><img loading=\"lazy\" class=\"size-medium wp-image-1558 alignleft\" src=\"https:\/\/ruizdecoletaje.com\/wp-content\/uploads\/2018\/01\/WebNave3-300x169.png\" alt=\"\" width=\"300\" height=\"169\" srcset=\"https:\/\/ruizdecoletaje.com\/wp-content\/uploads\/2018\/01\/WebNave3-300x169.png 300w, https:\/\/ruizdecoletaje.com\/wp-content\/uploads\/2018\/01\/WebNave3-768x433.png 768w, https:\/\/ruizdecoletaje.com\/wp-content\/uploads\/2018\/01\/WebNave3-585x330.png 585w, https:\/\/ruizdecoletaje.com\/wp-content\/uploads\/2018\/01\/WebNave3.png 1000w\" sizes=\"(max-width: 300px) 100vw, 300px\" \/><\/p>\n<p>Partiendo de la subcontrataci\u00f3n, nuestros servicios han sido demandados en un amplio abanico de sectores, tanto en mobiliario, iluminaci\u00f3n, grifer\u00eda, complementos, como en sectores industriales m\u00e1s t\u00e9cnicos como implantes quir\u00fargicos, automoci\u00f3n, ingenier\u00eda industrial etc.<\/p>\n<p>&nbsp;<\/p>\n<p><img loading=\"lazy\" class=\"size-medium wp-image-1563 alignright\" src=\"https:\/\/ruizdecoletaje.com\/wp-content\/uploads\/2018\/01\/WebNave4-300x214.png\" alt=\"\" width=\"300\" height=\"214\" srcset=\"https:\/\/ruizdecoletaje.com\/wp-content\/uploads\/2018\/01\/WebNave4-300x214.png 300w, https:\/\/ruizdecoletaje.com\/wp-content\/uploads\/2018\/01\/WebNave4-768x547.png 768w, https:\/\/ruizdecoletaje.com\/wp-content\/uploads\/2018\/01\/WebNave4-585x417.png 585w, https:\/\/ruizdecoletaje.com\/wp-content\/uploads\/2018\/01\/WebNave4.png 1000w\" sizes=\"(max-width: 300px) 100vw, 300px\" \/><\/p>\n<p>Con la experiencia que otorga m\u00e1s de 40 a\u00f1os dedicados a esta actividad, Ru\u00edz ha desarrollado un basto conocimiento del amplio mercado dedicado a la realizaci\u00f3n industrial del producto. De igual modo, a lo largo de esta trayectoria se ha adquirido una metodolog\u00eda de trabajo, basada en la calidad y el servicio, ganando un gran prestigio entre los profesionales del sector.<\/p>\n<p>&nbsp;<\/p>\n<p>&nbsp;<\/p>\n<p>&nbsp;<\/p>\n<p style=\"padding-left: 30px;\">Misi\u00f3n<\/p>\n<p>Es seguir adapt\u00e1ndonos a las necesidades del mercado con profesionalidad, disponibilidad, eficacia y medios t\u00e9cnicos, dando un buen servicio con una mejora permanente de calidad e incrementando:<\/p>\n<p>\u2022La confianza de nuestros clientes<br \/>\n\u2022La rentabilidad de la empresa<br \/>\n\u2022La calidad de vida del equipo humano, con el objetivo de ser una empresa moderna con visi\u00f3n de futuro, l\u00edder en su sector.<\/p>\n<section>\n<article id=\"content\">\n<div class=\"container flexible columnas\">\n<div class=\"columna2\">\n<h4><\/h4>\n<\/div>\n<\/div>\n<\/article>\n<\/section>\n","protected":false},"excerpt":{"rendered":"<p>Fundada en 1965\u00a0. Ruiz Decoletaje\u00a0ha estado dedicada desde sus comienzos al mecanizado de piezas de acero, lat\u00f3n y aluminio en tornos autom\u00e1ticos.&hellip;<\/p>\n","protected":false},"author":1,"featured_media":1563,"parent":0,"menu_order":0,"comment_status":"closed","ping_status":"closed","template":"page-sidebar.php","meta":[],"_links":{"self":[{"href":"https:\/\/ruizdecoletaje.com\/index.php?rest_route=\/wp\/v2\/pages\/1517"}],"collection":[{"href":"https:\/\/ruizdecoletaje.com\/index.php?rest_route=\/wp\/v2\/pages"}],"about":[{"href":"https:\/\/ruizdecoletaje.com\/index.php?rest_route=\/wp\/v2\/types\/page"}],"author":[{"embeddable":true,"href":"https:\/\/ruizdecoletaje.com\/index.php?rest_route=\/wp\/v2\/users\/1"}],"replies":[{"embeddable":true,"href":"https:\/\/ruizdecoletaje.com\/index.php?rest_route=%2Fwp%2Fv2%2Fcomments&post=1517"}],"version-history":[{"count":32,"href":"https:\/\/ruizdecoletaje.com\/index.php?rest_route=\/wp\/v2\/pages\/1517\/revisions"}],"predecessor-version":[{"id":1856,"href":"https:\/\/ruizdecoletaje.com\/index.php?rest_route=\/wp\/v2\/pages\/1517\/revisions\/1856"}],"wp:featuredmedia":[{"embeddable":true,"href":"https:\/\/ruizdecoletaje.com\/index.php?rest_route=\/wp\/v2\/media\/1563"}],"wp:attachment":[{"href":"https:\/\/ruizdecoletaje.com\/index.php?rest_route=%2Fwp%2Fv2%2Fmedia&parent=1517"}],"curies":[{"name":"wp","href":"https:\/\/api.w.org\/{rel}","templated":true}]}}