{"id":1574,"date":"2018-01-02T14:07:13","date_gmt":"2018-01-02T14:07:13","guid":{"rendered":"http:\/\/ruizdecoletaje.com\/?page_id=1574"},"modified":"2018-10-07T09:10:34","modified_gmt":"2018-10-07T09:10:34","slug":"servicios","status":"publish","type":"page","link":"https:\/\/ruizdecoletaje.com\/?page_id=1574","title":{"rendered":"Servicios"},"content":{"rendered":"\r\n     <style>\r\n\t#weblizar_1794  .wrgf-header-label {\r\n\t\tcolor:#FFFFFF !important;\r\n\t}\r\n\t\r\n\t#weblizar_1794 .wrgf-footer-label{\r\n\t\tcolor:#000000 !important;\r\n\t\tfont-size:16px;\r\n\t\tmargin-bottom: 5px;\r\n\t\tmargin-top: 5px;\r\n\t\ttext-align:center;\r\n\t\tfont-weight:normal;\r\n\t}\r\n\r\n    #weblizar_1794 .b-link-stroke .b-top-line{\r\n        background: rgba(10, 194, 210, 0.5);\r\n    }\r\n    #weblizar_1794 .b-link-stroke .b-bottom-line{\r\n        background: rgba(10, 194, 210, 0.5);\r\n    }\r\n\r\n    #weblizar_1794 .b-wrapper{\r\n        font-family:Arial; \/\/ real name pass here\r\n    }\r\n\t\r\n\t#weblizar_1794 .wrgf-header-label{\r\n        font-family:Arial !important; \/\/ real name pass here\r\n    }\r\n\t#weblizar_1794 .wrgf-footer-label{\r\n        font-family:Arial !important; \/\/ real name pass here\r\n    }\r\n\t\r\n\t@media (min-width: 992px){\r\n\t\t.col-md-6 {\r\n\t\t\twidth: 49.97% !important;\r\n\t\t\tpadding-right: 10px;\r\n\t\t\tpadding-left: 10px;\r\n\t\t}\r\n\t\t.col-md-4 {\r\n\t\t\twidth: 33.30% !important;\r\n\t\t\tpadding-right: 10px;\r\n\t\t\tpadding-left: 10px;\r\n\t\t}\r\n\t\t.col-md-3 {\r\n\t\t\twidth: 24.90% !important;\r\n\t\t\tpadding-right: 10px;\r\n\t\t\tpadding-left: 10px;\r\n\t\t}\r\n\t}\r\n\t\r\n\t\r\n\t\t\t@media (max-width: 992px) {\r\n\t\t\t#weblizar_1794 .wrgf-header-label\r\n\t\t\t{\r\n\t\t\t\tdisplay:none;\r\n\t\t\t}\r\n\t\t}\r\n\t\t@media (min-width: 993px) {\r\n\t\t\t#weblizar_1794 .wrgf-footer-label\r\n\t\t\t{\r\n\t\t\t\tdisplay:none;\r\n\t\t\t}\r\n\t\t}\r\n\t\t#weblizar_1794 a{\r\n\t\tborder-bottom: none;\r\n\t\toverflow: hidden;\r\n\t\tfloat: left;\r\n\t\tmargin-right: 0px;\r\n\t\tpadding-left: 0px;\r\n\t}\r\n\t\r\n\t    <\/style>\r\n\r\n        <div  class=\"gal-container\">\r\n            <!--get the post id-->\r\n        \t\t\r\n\t\t\t\t\r\n        <div class=\"gallery1\" id=\"weblizar_1794\">\r\n                        <div class=\"col-md-6 col-sm-6 wl-gallery\">\r\n                    <div class=\"b-link-stroke b-animate-go\">\r\n\t\t\t\t\t\r\n\t\t\t\t\t\t\t\t\t\t\t\t\t<a alt=\"\" class=\"swipebox\"  href=\"https:\/\/ruizdecoletaje.com\/wp-content\/uploads\/2017\/07\/Proyecto1.jpg\">\r\n\t\t\t\t\t\t\t\t<img src=\"https:\/\/ruizdecoletaje.com\/wp-content\/uploads\/2017\/07\/Proyecto1.jpg\" class=\"gall-img-responsive\" alt=\"Oficina T\u00e9cnica de proyectos para mecanizado de piezas de lat\u00f3n\">\r\n\t\t\t\t\t\t\t\t<div class=\"b-wrapper\">\r\n\t\t\t\t\t\t\t\t\t\t\t\t\t\t\t\t\t\t\t\t\t\t\t\t\t\t\t\t\t\t\t\t\t\t\t\t<\/div>\r\n\t\t\t\t\t\t\t<\/a>\r\n\t\t\t\t\t\t\t                    <\/div>\r\n\t\t\t\t\t                <\/div>\r\n                                <div class=\"col-md-6 col-sm-6 wl-gallery\">\r\n                    <div class=\"b-link-stroke b-animate-go\">\r\n\t\t\t\t\t\r\n\t\t\t\t\t\t\t\t\t\t\t\t\t<a alt=\"\" class=\"swipebox\"  href=\"https:\/\/ruizdecoletaje.com\/wp-content\/uploads\/2017\/07\/Azul-e1518630035857.jpg\">\r\n\t\t\t\t\t\t\t\t<img src=\"https:\/\/ruizdecoletaje.com\/wp-content\/uploads\/2017\/07\/Azul-e1518630035857.jpg\" class=\"gall-img-responsive\" alt=\"Oficina T\u00e9cnica de proyectos para mecanizado de piezas de lat\u00f3n\">\r\n\t\t\t\t\t\t\t\t<div class=\"b-wrapper\">\r\n\t\t\t\t\t\t\t\t\t\t\t\t\t\t\t\t\t\t\t\t\t\t\t\t\t\t\t\t\t\t\t\t\t\t\t\t<\/div>\r\n\t\t\t\t\t\t\t<\/a>\r\n\t\t\t\t\t\t\t                    <\/div>\r\n\t\t\t\t\t                <\/div>\r\n                                <div class=\"col-md-6 col-sm-6 wl-gallery\">\r\n                    <div class=\"b-link-stroke b-animate-go\">\r\n\t\t\t\t\t\r\n\t\t\t\t\t\t\t\t\t\t\t\t\t<a alt=\"\" class=\"swipebox\"  href=\"https:\/\/ruizdecoletaje.com\/wp-content\/uploads\/2017\/07\/Maquina2.jpg\">\r\n\t\t\t\t\t\t\t\t<img src=\"https:\/\/ruizdecoletaje.com\/wp-content\/uploads\/2017\/07\/Maquina2.jpg\" class=\"gall-img-responsive\" alt=\"Centro de Mecanizado CNC\">\r\n\t\t\t\t\t\t\t\t<div class=\"b-wrapper\">\r\n\t\t\t\t\t\t\t\t\t\t\t\t\t\t\t\t\t\t\t\t\t\t\t\t\t\t\t\t\t\t\t\t\t\t\t\t<\/div>\r\n\t\t\t\t\t\t\t<\/a>\r\n\t\t\t\t\t\t\t                    <\/div>\r\n\t\t\t\t\t                <\/div>\r\n                                <div class=\"col-md-6 col-sm-6 wl-gallery\">\r\n                    <div class=\"b-link-stroke b-animate-go\">\r\n\t\t\t\t\t\r\n\t\t\t\t\t\t\t\t\t\t\t\t\t<a alt=\"\" class=\"swipebox\"  href=\"https:\/\/ruizdecoletaje.com\/wp-content\/uploads\/2018\/01\/SliderPro6.png\">\r\n\t\t\t\t\t\t\t\t<img src=\"https:\/\/ruizdecoletaje.com\/wp-content\/uploads\/2018\/01\/SliderPro6.png\" class=\"gall-img-responsive\" alt=\"Decoletaje en Valencia de piezas de lat\u00f3n, acero, aluminio y pl\u00e1stico\">\r\n\t\t\t\t\t\t\t\t<div class=\"b-wrapper\">\r\n\t\t\t\t\t\t\t\t\t\t\t\t\t\t\t\t\t\t\t\t\t\t\t\t\t\t\t\t\t\t\t\t\t\t\t\t<\/div>\r\n\t\t\t\t\t\t\t<\/a>\r\n\t\t\t\t\t\t\t                    <\/div>\r\n\t\t\t\t\t                <\/div>\r\n                                <div class=\"col-md-6 col-sm-6 wl-gallery\">\r\n                    <div class=\"b-link-stroke b-animate-go\">\r\n\t\t\t\t\t\r\n\t\t\t\t\t\t\t\t\t\t\t\t\t<a alt=\"\" class=\"swipebox\"  href=\"https:\/\/ruizdecoletaje.com\/wp-content\/uploads\/2018\/01\/SliderPro5.png\">\r\n\t\t\t\t\t\t\t\t<img src=\"https:\/\/ruizdecoletaje.com\/wp-content\/uploads\/2018\/01\/SliderPro5.png\" class=\"gall-img-responsive\" alt=\"Decoletaje en Valencia de piezas de lat\u00f3n, acero, aluminio y pl\u00e1stico\">\r\n\t\t\t\t\t\t\t\t<div class=\"b-wrapper\">\r\n\t\t\t\t\t\t\t\t\t\t\t\t\t\t\t\t\t\t\t\t\t\t\t\t\t\t\t\t\t\t\t\t\t\t\t\t<\/div>\r\n\t\t\t\t\t\t\t<\/a>\r\n\t\t\t\t\t\t\t                    <\/div>\r\n\t\t\t\t\t                <\/div>\r\n                                <div class=\"col-md-6 col-sm-6 wl-gallery\">\r\n                    <div class=\"b-link-stroke b-animate-go\">\r\n\t\t\t\t\t\r\n\t\t\t\t\t\t\t\t\t\t\t\t\t<a alt=\"\" class=\"swipebox\"  href=\"https:\/\/ruizdecoletaje.com\/wp-content\/uploads\/2017\/07\/Maquina1.jpg\">\r\n\t\t\t\t\t\t\t\t<img src=\"https:\/\/ruizdecoletaje.com\/wp-content\/uploads\/2017\/07\/Maquina1.jpg\" class=\"gall-img-responsive\" alt=\"Mecanizado y decoletaje de piezas de aluminio\">\r\n\t\t\t\t\t\t\t\t<div class=\"b-wrapper\">\r\n\t\t\t\t\t\t\t\t\t\t\t\t\t\t\t\t\t\t\t\t\t\t\t\t\t\t\t\t\t\t\t\t\t\t\t\t<\/div>\r\n\t\t\t\t\t\t\t<\/a>\r\n\t\t\t\t\t\t\t                    <\/div>\r\n\t\t\t\t\t                <\/div>\r\n                                <div class=\"col-md-6 col-sm-6 wl-gallery\">\r\n                    <div class=\"b-link-stroke b-animate-go\">\r\n\t\t\t\t\t\r\n\t\t\t\t\t\t\t\t\t\t\t\t\t<a alt=\"\" class=\"swipebox\"  href=\"https:\/\/ruizdecoletaje.com\/wp-content\/uploads\/2018\/01\/WebSliderEM1.png\">\r\n\t\t\t\t\t\t\t\t<img src=\"https:\/\/ruizdecoletaje.com\/wp-content\/uploads\/2018\/01\/WebSliderEM1.png\" class=\"gall-img-responsive\" alt=\"Centro de Mecanizado CNC\">\r\n\t\t\t\t\t\t\t\t<div class=\"b-wrapper\">\r\n\t\t\t\t\t\t\t\t\t\t\t\t\t\t\t\t\t\t\t\t\t\t\t\t\t\t\t\t\t\t\t\t\t\t\t\t<\/div>\r\n\t\t\t\t\t\t\t<\/a>\r\n\t\t\t\t\t\t\t                    <\/div>\r\n\t\t\t\t\t                <\/div>\r\n                                <div class=\"col-md-6 col-sm-6 wl-gallery\">\r\n                    <div class=\"b-link-stroke b-animate-go\">\r\n\t\t\t\t\t\r\n\t\t\t\t\t\t\t\t\t\t\t\t\t<a alt=\"\" class=\"swipebox\"  href=\"https:\/\/ruizdecoletaje.com\/wp-content\/uploads\/2018\/01\/SliderPro2.png\">\r\n\t\t\t\t\t\t\t\t<img src=\"https:\/\/ruizdecoletaje.com\/wp-content\/uploads\/2018\/01\/SliderPro2.png\" class=\"gall-img-responsive\" alt=\"Mecanizado de piezas de lat\u00f3n, acero, aluminio, pl\u00e1stico y termo-pl\u00e1sticos\">\r\n\t\t\t\t\t\t\t\t<div class=\"b-wrapper\">\r\n\t\t\t\t\t\t\t\t\t\t\t\t\t\t\t\t\t\t\t\t\t\t\t\t\t\t\t\t\t\t\t\t\t\t\t\t<\/div>\r\n\t\t\t\t\t\t\t<\/a>\r\n\t\t\t\t\t\t\t                    <\/div>\r\n\t\t\t\t\t                <\/div>\r\n                                <div class=\"col-md-6 col-sm-6 wl-gallery\">\r\n                    <div class=\"b-link-stroke b-animate-go\">\r\n\t\t\t\t\t\r\n\t\t\t\t\t\t\t\t\t\t\t\t\t<a alt=\"\" class=\"swipebox\"  href=\"https:\/\/ruizdecoletaje.com\/wp-content\/uploads\/2018\/01\/WebPie3.png\">\r\n\t\t\t\t\t\t\t\t<img src=\"https:\/\/ruizdecoletaje.com\/wp-content\/uploads\/2018\/01\/WebPie3.png\" class=\"gall-img-responsive\" alt=\"Mecanizado piezas de lat\u00f3n en Valencia\">\r\n\t\t\t\t\t\t\t\t<div class=\"b-wrapper\">\r\n\t\t\t\t\t\t\t\t\t\t\t\t\t\t\t\t\t\t\t\t\t\t\t\t\t\t\t\t\t\t\t\t\t\t\t\t<\/div>\r\n\t\t\t\t\t\t\t<\/a>\r\n\t\t\t\t\t\t\t                    <\/div>\r\n\t\t\t\t\t                <\/div>\r\n                        <\/div>\r\n        <\/div>\r\n\r\n\t<!-- swipe box-->\r\n\t<script type=\"text\/javascript\">\r\n\t;( function( jQuery ) {\r\n\t\tjQuery( '.swipebox' ).swipebox({\r\n\t\t\t\t\t\t\thideBarsDelay:0,\r\n\t\t\t\t\t\t\thideCloseButtonOnMobile : false,\r\n\t\t\t\t\t\t});\r\n\t} )( jQuery );\r\n\t\r\n\tjQuery('.gallery1').imagesLoaded( function(){\r\n\t  jQuery('.gallery1').masonry({\r\n\t   itemSelector: '.wl-gallery',\r\n\t   isAnimated: true,\r\n\t   isFitWidth: true\r\n\t  });\r\n\t});\r\n\t<\/script>\r\n\r\n    \n","protected":false},"excerpt":{"rendered":"","protected":false},"author":1,"featured_media":1602,"parent":0,"menu_order":0,"comment_status":"closed","ping_status":"closed","template":"page-vc-sidebar.php","meta":[],"_links":{"self":[{"href":"https:\/\/ruizdecoletaje.com\/index.php?rest_route=\/wp\/v2\/pages\/1574"}],"collection":[{"href":"https:\/\/ruizdecoletaje.com\/index.php?rest_route=\/wp\/v2\/pages"}],"about":[{"href":"https:\/\/ruizdecoletaje.com\/index.php?rest_route=\/wp\/v2\/types\/page"}],"author":[{"embeddable":true,"href":"https:\/\/ruizdecoletaje.com\/index.php?rest_route=\/wp\/v2\/users\/1"}],"replies":[{"embeddable":true,"href":"https:\/\/ruizdecoletaje.com\/index.php?rest_route=%2Fwp%2Fv2%2Fcomments&post=1574"}],"version-history":[{"count":23,"href":"https:\/\/ruizdecoletaje.com\/index.php?rest_route=\/wp\/v2\/pages\/1574\/revisions"}],"predecessor-version":[{"id":1795,"href":"https:\/\/ruizdecoletaje.com\/index.php?rest_route=\/wp\/v2\/pages\/1574\/revisions\/1795"}],"wp:featuredmedia":[{"embeddable":true,"href":"https:\/\/ruizdecoletaje.com\/index.php?rest_route=\/wp\/v2\/media\/1602"}],"wp:attachment":[{"href":"https:\/\/ruizdecoletaje.com\/index.php?rest_route=%2Fwp%2Fv2%2Fmedia&parent=1574"}],"curies":[{"name":"wp","href":"https:\/\/api.w.org\/{rel}","templated":true}]}}